{"id":16665,"date":"2023-06-06T03:10:45","date_gmt":"2023-06-06T03:10:45","guid":{"rendered":"https:\/\/kpmadvisory.com.vn\/?page_id=16665"},"modified":"2023-06-06T03:14:51","modified_gmt":"2023-06-06T03:14:51","slug":"application","status":"publish","type":"page","link":"https:\/\/kpm-as.com\/vi\/application\/","title":{"rendered":"APPLICATION"},"content":{"rendered":"<div data-elementor-type=\"wp-page\" data-elementor-id=\"16665\" class=\"elementor elementor-16665\">\n\t\t\t\t\t\t\t<div class=\"has_eae_slider has_ae_slider elementor-element elementor-element-cd78908 e-flex e-con-boxed ae-bg-gallery-type-default e-con e-parent\" data-id=\"cd78908\" data-element_type=\"container\" data-settings=\"{&quot;content_width&quot;:&quot;boxed&quot;}\" data-core-v316-plus=\"true\">\n\t\t\t\t\t<div class=\"e-con-inner\">\n\t\t\t\t<div class=\"elementor-element elementor-element-7c9da0a elementor-widget elementor-widget-heading\" data-id=\"7c9da0a\" data-element_type=\"widget\" data-widget_type=\"heading.default\">\n\t\t\t\t<div class=\"elementor-widget-container\">\n\t\t\t<style>\/*! elementor - v3.17.0 - 08-11-2023 *\/\n.elementor-heading-title{padding:0;margin:0;line-height:1}.elementor-widget-heading .elementor-heading-title[class*=elementor-size-]>a{color:inherit;font-size:inherit;line-height:inherit}.elementor-widget-heading .elementor-heading-title.elementor-size-small{font-size:15px}.elementor-widget-heading .elementor-heading-title.elementor-size-medium{font-size:19px}.elementor-widget-heading .elementor-heading-title.elementor-size-large{font-size:29px}.elementor-widget-heading .elementor-heading-title.elementor-size-xl{font-size:39px}.elementor-widget-heading .elementor-heading-title.elementor-size-xxl{font-size:59px}<\/style><h1 class=\"elementor-heading-title elementor-size-default\">\u0110\u01a0N \u1ee8NG TUY\u1ec2N<\/h1>\t\t<\/div>\n\t\t\t\t<\/div>\n\t\t\t\t<div class=\"elementor-element elementor-element-0a7a908 elementor-widget elementor-widget-stm_contact_form_7\" data-id=\"0a7a908\" data-element_type=\"widget\" data-widget_type=\"stm_contact_form_7.default\">\n\t\t\t\t<div class=\"elementor-widget-container\">\n\t\t\t\n<div class=\"wpcf7 no-js\" id=\"wpcf7-f16664-o1\" lang=\"en-GB\" dir=\"ltr\">\n<div class=\"screen-reader-response\"><p role=\"status\" aria-live=\"polite\" aria-atomic=\"true\"><\/p> <ul><\/ul><\/div>\n<form action=\"\/vi\/wp-json\/wp\/v2\/pages\/16665#wpcf7-f16664-o1\" method=\"post\" class=\"wpcf7-form init\" aria-label=\"Bi\u1ec3u m\u1eabu li\u00ean h\u1ec7\" enctype=\"multipart\/form-data\" novalidate=\"novalidate\" data-status=\"init\" data-trp-original-action=\"\/vi\/wp-json\/wp\/v2\/pages\/16665#wpcf7-f16664-o1\">\n<div style=\"display: none;\">\n<input type=\"hidden\" name=\"_wpcf7\" value=\"16664\" \/>\n<input type=\"hidden\" name=\"_wpcf7_version\" value=\"5.8.4\" \/>\n<input type=\"hidden\" name=\"_wpcf7_locale\" value=\"en_GB\" \/>\n<input type=\"hidden\" name=\"_wpcf7_unit_tag\" value=\"wpcf7-f16664-o1\" \/>\n<input type=\"hidden\" name=\"_wpcf7_container_post\" value=\"0\" \/>\n<input type=\"hidden\" name=\"_wpcf7_posted_data_hash\" value=\"\" \/>\n<\/div>\n<div class=\"request_callback\">\n    <div class=\"row\">\n        <div class=\"col-lg-6 col-md-6 col-sm-6 col-xs-12\">\n            <div class=\"input-group\">\n                <span class=\"wpcf7-form-control-wrap\" data-name=\"yourname\"><input size=\"40\" class=\"wpcf7-form-control wpcf7-text wpcf7-validates-as-required\" aria-required=\"true\" aria-invalid=\"false\" placeholder=\"H\u1ecd t\u00ean *\" value=\"\" type=\"text\" name=\"yourname\" \/><\/span>\n            <\/div>\n        <\/div>\n        <div class=\"col-lg-6 col-md-6 col-sm-6 col-xs-12\">\n            <div class=\"input-group\">\n                <span class=\"wpcf7-form-control-wrap\" data-name=\"position\"><input size=\"40\" class=\"wpcf7-form-control wpcf7-text wpcf7-validates-as-required\" aria-required=\"true\" aria-invalid=\"false\" placeholder=\"Ch\u1ee9c v\u1ee5 *\" value=\"\" type=\"text\" name=\"position\" \/><\/span>\n            <\/div>\n            \n        <\/div>\n    <\/div>\n    <div class=\"row\">\n        <div class=\"col-lg-4 col-md-4 col-sm-12 col-xs-12\">\n            <div class=\"input-group\">\n                <span class=\"wpcf7-form-control-wrap\" data-name=\"email\"><input size=\"40\" class=\"wpcf7-form-control wpcf7-text wpcf7-validates-as-required\" aria-required=\"true\" aria-invalid=\"false\" placeholder=\"Email *\" value=\"\" type=\"text\" name=\"email\" \/><\/span>\n            <\/div>\n        <\/div>\n        <div class=\"col-lg-4 col-md-4 col-sm-12 col-xs-12\">\n            <div class=\"input-group\">\n                <span class=\"wpcf7-form-control-wrap\" data-name=\"phone\"><input size=\"40\" class=\"wpcf7-form-control wpcf7-text wpcf7-validates-as-required\" aria-required=\"true\" aria-invalid=\"false\" placeholder=\"S\u1ed1 \u0111i\u1ec7n tho\u1ea1i\" value=\"\" type=\"text\" name=\"phone\" \/><\/span>\n            <\/div>\n        <\/div>\n        <div class=\"col-lg-4 col-md-4 col-sm-12 col-xs-12\">\n            <div class=\"input-group\">\n                <span class=\"wpcf7-form-control-wrap\" data-name=\"gender\"><input size=\"40\" class=\"wpcf7-form-control wpcf7-text wpcf7-validates-as-required\" aria-required=\"true\" aria-invalid=\"false\" placeholder=\"Gi\u1edbi t\u00ednh *\" value=\"\" type=\"text\" name=\"gender\" \/><\/span>\n            <\/div>\n        <\/div>\n    <\/div>\n    <div class=\"row\">\n        <div class=\"col-lg-4 col-md-4 col-sm-12 col-xs-12\">\n            <div class=\"input-group\">\n                <span class=\"wpcf7-form-control-wrap\" data-name=\"university\"><input size=\"40\" class=\"wpcf7-form-control wpcf7-text wpcf7-validates-as-required\" aria-required=\"true\" aria-invalid=\"false\" placeholder=\"T\u1ed1t nghi\u1ec7p \u0110\u1ea1i h\u1ecdc *\" value=\"\" type=\"text\" name=\"university\" \/><\/span>\n            <\/div>\n        <\/div>\n        <div class=\"col-lg-4 col-md-4 col-sm-12 col-xs-12\">\n            <div class=\"input-group\">\n                <span class=\"wpcf7-form-control-wrap\" data-name=\"major\"><input size=\"40\" class=\"wpcf7-form-control wpcf7-text wpcf7-validates-as-required\" aria-required=\"true\" aria-invalid=\"false\" placeholder=\"Ng\u00e0nh *\" value=\"\" type=\"text\" name=\"major\" \/><\/span>\n            <\/div>\n        <\/div>\n        <div class=\"col-lg-4 col-md-4 col-sm-12 col-xs-12\">\n            <div class=\"input-group\">\n                <span class=\"wpcf7-form-control-wrap\" data-name=\"experience\"><input size=\"40\" class=\"wpcf7-form-control wpcf7-text wpcf7-validates-as-required\" aria-required=\"true\" aria-invalid=\"false\" placeholder=\"S\u1ed1 n\u0103m kinh nghi\u1ec7m *\" value=\"\" type=\"text\" name=\"experience\" \/><\/span>\n            <\/div>\n        <\/div>\n    <\/div>\n    <div class=\"row\">\n        <div class=\"col-lg-12 col-md-12 col-sm-12 col-xs-12\">\n            <div class=\"input-group\">\n                <span class=\"wpcf7-form-control-wrap\" data-name=\"address\"><input size=\"40\" class=\"wpcf7-form-control wpcf7-text wpcf7-validates-as-required\" aria-required=\"true\" aria-invalid=\"false\" placeholder=\"\u0110\u1ecba ch\u1ec9\/Qu\u00ea qu\u00e1n *\" value=\"\" type=\"text\" name=\"address\" \/><\/span>\n            <\/div>\n        <\/div>\n    <\/div>\n    <div class=\"row\">\n        <div class=\"col-lg-12 col-md-12 col-sm-12 col-xs-12\">\n            <div class=\"input-group\">\n                <span class=\"wpcf7-form-control-wrap\" data-name=\"journey\"><textarea cols=\"40\" rows=\"10\" class=\"wpcf7-form-control wpcf7-textarea wpcf7-validates-as-required\" aria-required=\"true\" aria-invalid=\"false\" placeholder=\"Qu\u00e1 tr\u00ecnh c\u00f4ng vi\u1ec7c c\u1ee7a b\u1ea1n *\" name=\"journey\"><\/textarea><\/span>\n            <\/div>\n        <\/div>\n    <\/div>\n    <div class=\"row\">\n        <div class=\"col-lg-4 col-md-4 col-sm-4 col-xs-4\">\n            <div class=\"input-group\">\n                <span class=\"wpcf7-form-control-wrap\" data-name=\"resume\"><input size=\"40\" class=\"wpcf7-form-control wpcf7-file wpcf7-validates-as-required\" accept=\".pdf\" aria-required=\"true\" aria-invalid=\"false\" type=\"file\" name=\"resume\" \/><\/span>\n            <\/div>\n        <\/div>\n    <\/div>\n    <div class=\"row\">\n        <div class=\"col-lg-4 col-md-4 col-sm-4 col-xs-4\">\n            <div class=\"input-group\">\n                <button type=\"submit\" class=\"button size-md\">G\u1eedi<\/button>\n            <\/div>\n        <\/div>\n    <\/div>\n<\/div><p style=\"display: none !important;\"><label>&#916;<textarea name=\"_wpcf7_ak_hp_textarea\" cols=\"45\" rows=\"8\" maxlength=\"100\"><\/textarea><\/label><input type=\"hidden\" id=\"ak_js_1\" name=\"_wpcf7_ak_js\" value=\"67\"\/><script>document.getElementById( \"ak_js_1\" ).setAttribute( \"value\", ( new Date() ).getTime() );<\/script><\/p><div class=\"wpcf7-response-output\" aria-hidden=\"true\"><\/div>\n<input type=\"hidden\" name=\"trp-form-language\" value=\"vi\"\/><\/form>\n<\/div>\n\t\t\t\t<\/div>\n\t\t\t\t<\/div>\n\t\t\t\t\t<\/div>\n\t\t\t\t<\/div>\n\t\t\t\t\t\t\t<\/div>","protected":false},"excerpt":{"rendered":"<p>APPLICATION FORM submit<\/p>","protected":false},"author":5,"featured_media":0,"parent":0,"menu_order":0,"comment_status":"closed","ping_status":"closed","template":"","meta":[],"acf":[],"_links":{"self":[{"href":"https:\/\/kpm-as.com\/vi\/wp-json\/wp\/v2\/pages\/16665"}],"collection":[{"href":"https:\/\/kpm-as.com\/vi\/wp-json\/wp\/v2\/pages"}],"about":[{"href":"https:\/\/kpm-as.com\/vi\/wp-json\/wp\/v2\/types\/page"}],"author":[{"embeddable":true,"href":"https:\/\/kpm-as.com\/vi\/wp-json\/wp\/v2\/users\/5"}],"replies":[{"embeddable":true,"href":"https:\/\/kpm-as.com\/vi\/wp-json\/wp\/v2\/comments?post=16665"}],"version-history":[{"count":4,"href":"https:\/\/kpm-as.com\/vi\/wp-json\/wp\/v2\/pages\/16665\/revisions"}],"predecessor-version":[{"id":16669,"href":"https:\/\/kpm-as.com\/vi\/wp-json\/wp\/v2\/pages\/16665\/revisions\/16669"}],"wp:attachment":[{"href":"https:\/\/kpm-as.com\/vi\/wp-json\/wp\/v2\/media?parent=16665"}],"curies":[{"name":"wp","href":"https:\/\/api.w.org\/{rel}","templated":true}]}}